{"id":276,"date":"2023-10-13T21:13:18","date_gmt":"2023-10-13T19:13:18","guid":{"rendered":"http:\/\/www.valentindebels.fr\/wordpress\/?page_id=276"},"modified":"2025-09-16T14:07:47","modified_gmt":"2025-09-16T12:07:47","slug":"le-club","status":"publish","type":"page","link":"https:\/\/www.amhhb.com\/?page_id=276","title":{"rendered":"Le club"},"content":{"rendered":"\t\t<div data-elementor-type=\"wp-page\" data-elementor-id=\"276\" class=\"elementor elementor-276\" data-elementor-settings=\"{&quot;ha_cmc_init_switcher&quot;:&quot;no&quot;}\">\n\t\t\t\t<div class=\"elementor-element elementor-element-a13c1fd e-flex e-con-boxed wpr-particle-no wpr-jarallax-no wpr-parallax-no wpr-sticky-section-no e-con e-parent\" data-id=\"a13c1fd\" data-element_type=\"container\" data-settings=\"{&quot;_ha_eqh_enable&quot;:false}\">\n\t\t\t\t\t<div class=\"e-con-inner\">\n\t\t<div class=\"elementor-element elementor-element-4e3ec07 e-con-full e-flex wpr-particle-no wpr-jarallax-no wpr-parallax-no wpr-sticky-section-no e-con e-child\" data-id=\"4e3ec07\" data-element_type=\"container\" data-settings=\"{&quot;_ha_eqh_enable&quot;:false}\">\n\t\t\t\t<div class=\"elementor-element elementor-element-f0f9cbd elementor-widget elementor-widget-heading\" data-id=\"f0f9cbd\" data-element_type=\"widget\" data-widget_type=\"heading.default\">\n\t\t\t\t<div class=\"elementor-widget-container\">\n\t\t\t\t\t<h2 class=\"elementor-heading-title elementor-size-default\">L'histoire du club<\/h2>\t\t\t\t<\/div>\n\t\t\t\t<\/div>\n\t\t\t\t<div class=\"elementor-element elementor-element-946df81 elementor-widget elementor-widget-text-editor\" data-id=\"946df81\" data-element_type=\"widget\" data-widget_type=\"text-editor.default\">\n\t\t\t\t<div class=\"elementor-widget-container\">\n\t\t\t\t\t\t\t\t\t<p>D\u00e9couvrez-en plus sur le pass\u00e9 du club.<\/p>\t\t\t\t\t\t\t\t<\/div>\n\t\t\t\t<\/div>\n\t\t\t\t<div class=\"elementor-element elementor-element-6ec6534 elementor-widget elementor-widget-button\" data-id=\"6ec6534\" data-element_type=\"widget\" data-widget_type=\"button.default\">\n\t\t\t\t<div class=\"elementor-widget-container\">\n\t\t\t\t\t\t\t\t\t<div class=\"elementor-button-wrapper\">\n\t\t\t\t\t<a class=\"elementor-button elementor-button-link elementor-size-sm\" href=\"https:\/\/www.amhhb.com\/?p=199\">\n\t\t\t\t\t\t<span class=\"elementor-button-content-wrapper\">\n\t\t\t\t\t\t\t\t\t<span class=\"elementor-button-text\">En d\u00e9couvrir plus<\/span>\n\t\t\t\t\t<\/span>\n\t\t\t\t\t<\/a>\n\t\t\t\t<\/div>\n\t\t\t\t\t\t\t\t<\/div>\n\t\t\t\t<\/div>\n\t\t\t\t<\/div>\n\t\t<div class=\"elementor-element elementor-element-4613f40 e-con-full e-flex wpr-particle-no wpr-jarallax-no wpr-parallax-no wpr-sticky-section-no e-con e-child\" data-id=\"4613f40\" data-element_type=\"container\" data-settings=\"{&quot;_ha_eqh_enable&quot;:false}\">\n\t\t\t\t<div class=\"elementor-element elementor-element-3711148 elementor-widget elementor-widget-image\" data-id=\"3711148\" data-element_type=\"widget\" data-widget_type=\"image.default\">\n\t\t\t\t<div class=\"elementor-widget-container\">\n\t\t\t\t\t\t\t\t\t\t\t\t\t\t\t<img fetchpriority=\"high\" decoding=\"async\" width=\"750\" height=\"535\" src=\"https:\/\/www.amhhb.com\/wp-content\/uploads\/2023\/10\/chabala-1024x731.jpg\" class=\"attachment-large size-large wp-image-834\" alt=\"\" srcset=\"https:\/\/www.amhhb.com\/wp-content\/uploads\/2023\/10\/chabala-1024x731.jpg 1024w, https:\/\/www.amhhb.com\/wp-content\/uploads\/2023\/10\/chabala-300x214.jpg 300w, https:\/\/www.amhhb.com\/wp-content\/uploads\/2023\/10\/chabala-768x549.jpg 768w, https:\/\/www.amhhb.com\/wp-content\/uploads\/2023\/10\/chabala.jpg 1400w\" sizes=\"(max-width: 750px) 100vw, 750px\" style=\"width:100%;height:71.43%;max-width:1400px\" \/>\t\t\t\t\t\t\t\t\t\t\t\t\t\t\t<\/div>\n\t\t\t\t<\/div>\n\t\t\t\t<\/div>\n\t\t\t\t\t<\/div>\n\t\t\t\t<\/div>\n\t\t<div class=\"elementor-element elementor-element-546a1b4 e-flex e-con-boxed wpr-particle-no wpr-jarallax-no wpr-parallax-no wpr-sticky-section-no e-con e-parent\" data-id=\"546a1b4\" data-element_type=\"container\" data-settings=\"{&quot;_ha_eqh_enable&quot;:false}\">\n\t\t\t\t\t<div class=\"e-con-inner\">\n\t\t<div class=\"elementor-element elementor-element-e7ad878 e-con-full e-flex wpr-particle-no wpr-jarallax-no wpr-parallax-no wpr-sticky-section-no e-con e-child\" data-id=\"e7ad878\" data-element_type=\"container\" data-settings=\"{&quot;_ha_eqh_enable&quot;:false}\">\n\t\t\t\t<div class=\"elementor-element elementor-element-409494d elementor-widget elementor-widget-heading\" data-id=\"409494d\" data-element_type=\"widget\" data-widget_type=\"heading.default\">\n\t\t\t\t<div class=\"elementor-widget-container\">\n\t\t\t\t\t<h2 class=\"elementor-heading-title elementor-size-default\">Merci \u00e0 nos partenaires<\/h2>\t\t\t\t<\/div>\n\t\t\t\t<\/div>\n\t\t\t\t<div class=\"elementor-element elementor-element-1994f6e elementor-widget elementor-widget-text-editor\" data-id=\"1994f6e\" data-element_type=\"widget\" data-widget_type=\"text-editor.default\">\n\t\t\t\t<div class=\"elementor-widget-container\">\n\t\t\t\t\t\t\t\t\t<p>Retrouvez tous les soutiens du club. Vous souhaitez nous rejoindre ? Contactez nous par mail.<\/p>\t\t\t\t\t\t\t\t<\/div>\n\t\t\t\t<\/div>\n\t\t\t\t<div class=\"elementor-element elementor-element-4a2d8da elementor-widget elementor-widget-button\" data-id=\"4a2d8da\" data-element_type=\"widget\" data-widget_type=\"button.default\">\n\t\t\t\t<div class=\"elementor-widget-container\">\n\t\t\t\t\t\t\t\t\t<div class=\"elementor-button-wrapper\">\n\t\t\t\t\t<a class=\"elementor-button elementor-button-link elementor-size-sm\" href=\"https:\/\/www.amhhb.com\/?page_id=105\">\n\t\t\t\t\t\t<span class=\"elementor-button-content-wrapper\">\n\t\t\t\t\t\t\t\t\t<span class=\"elementor-button-text\">Devenir partenaire<\/span>\n\t\t\t\t\t<\/span>\n\t\t\t\t\t<\/a>\n\t\t\t\t<\/div>\n\t\t\t\t\t\t\t\t<\/div>\n\t\t\t\t<\/div>\n\t\t\t\t<\/div>\n\t\t<div class=\"elementor-element elementor-element-48f2267 e-con-full e-flex wpr-particle-no wpr-jarallax-no wpr-parallax-no wpr-sticky-section-no e-con e-child\" data-id=\"48f2267\" data-element_type=\"container\" data-settings=\"{&quot;_ha_eqh_enable&quot;:false}\">\n\t\t\t\t<div class=\"elementor-element elementor-element-b86f119 elementor-widget elementor-widget-image\" data-id=\"b86f119\" data-element_type=\"widget\" data-widget_type=\"image.default\">\n\t\t\t\t<div class=\"elementor-widget-container\">\n\t\t\t\t\t\t\t\t\t\t\t\t\t\t\t<img decoding=\"async\" width=\"750\" height=\"527\" src=\"https:\/\/www.amhhb.com\/wp-content\/uploads\/2024\/03\/partenaires-1024x720.jpg\" class=\"attachment-large size-large wp-image-1979\" alt=\"\" srcset=\"https:\/\/www.amhhb.com\/wp-content\/uploads\/2024\/03\/partenaires-1024x720.jpg 1024w, https:\/\/www.amhhb.com\/wp-content\/uploads\/2024\/03\/partenaires-300x211.jpg 300w, https:\/\/www.amhhb.com\/wp-content\/uploads\/2024\/03\/partenaires-768x540.jpg 768w, https:\/\/www.amhhb.com\/wp-content\/uploads\/2024\/03\/partenaires-1536x1080.jpg 1536w, https:\/\/www.amhhb.com\/wp-content\/uploads\/2024\/03\/partenaires-1568x1103.jpg 1568w, https:\/\/www.amhhb.com\/wp-content\/uploads\/2024\/03\/partenaires.jpg 1920w\" sizes=\"(max-width: 750px) 100vw, 750px\" style=\"width:100%;height:70.31%;max-width:1920px\" \/>\t\t\t\t\t\t\t\t\t\t\t\t\t\t\t<\/div>\n\t\t\t\t<\/div>\n\t\t\t\t<\/div>\n\t\t\t\t\t<\/div>\n\t\t\t\t<\/div>\n\t\t<div class=\"elementor-element elementor-element-3fe9999 e-flex e-con-boxed wpr-particle-no wpr-jarallax-no wpr-parallax-no wpr-sticky-section-no e-con e-parent\" data-id=\"3fe9999\" data-element_type=\"container\" data-settings=\"{&quot;_ha_eqh_enable&quot;:false}\">\n\t\t\t\t\t<div class=\"e-con-inner\">\n\t\t<div class=\"elementor-element elementor-element-954de31 e-con-full e-flex wpr-particle-no wpr-jarallax-no wpr-parallax-no wpr-sticky-section-no e-con e-child\" data-id=\"954de31\" data-element_type=\"container\" data-settings=\"{&quot;_ha_eqh_enable&quot;:false}\">\n\t\t\t\t<div class=\"elementor-element elementor-element-8b63802 elementor-widget elementor-widget-heading\" data-id=\"8b63802\" data-element_type=\"widget\" data-widget_type=\"heading.default\">\n\t\t\t\t<div class=\"elementor-widget-container\">\n\t\t\t\t\t<h2 class=\"elementor-heading-title elementor-size-default\">Phototh\u00e8que<\/h2>\t\t\t\t<\/div>\n\t\t\t\t<\/div>\n\t\t\t\t<div class=\"elementor-element elementor-element-866c5a6 elementor-widget elementor-widget-text-editor\" data-id=\"866c5a6\" data-element_type=\"widget\" data-widget_type=\"text-editor.default\">\n\t\t\t\t<div class=\"elementor-widget-container\">\n\t\t\t\t\t\t\t\t\t<p>Ici retrouvez les photos de matchs, les photos des \u00e9v\u00e8nements et tous les souvenirs du club.<\/p>\t\t\t\t\t\t\t\t<\/div>\n\t\t\t\t<\/div>\n\t\t\t\t<div class=\"elementor-element elementor-element-eae227f elementor-widget elementor-widget-button\" data-id=\"eae227f\" data-element_type=\"widget\" data-widget_type=\"button.default\">\n\t\t\t\t<div class=\"elementor-widget-container\">\n\t\t\t\t\t\t\t\t\t<div class=\"elementor-button-wrapper\">\n\t\t\t\t\t<a class=\"elementor-button elementor-button-link elementor-size-sm\" href=\"https:\/\/www.facebook.com\/pg\/amhhandball\/photos\/\" target=\"_blank\">\n\t\t\t\t\t\t<span class=\"elementor-button-content-wrapper\">\n\t\t\t\t\t\t\t\t\t<span class=\"elementor-button-text\">Voir les photos<\/span>\n\t\t\t\t\t<\/span>\n\t\t\t\t\t<\/a>\n\t\t\t\t<\/div>\n\t\t\t\t\t\t\t\t<\/div>\n\t\t\t\t<\/div>\n\t\t\t\t<\/div>\n\t\t<div class=\"elementor-element elementor-element-22de5e4 e-con-full e-flex wpr-particle-no wpr-jarallax-no wpr-parallax-no wpr-sticky-section-no e-con e-child\" data-id=\"22de5e4\" data-element_type=\"container\" data-settings=\"{&quot;_ha_eqh_enable&quot;:false}\">\n\t\t\t\t<div class=\"elementor-element elementor-element-3c23d59 elementor-widget elementor-widget-image\" data-id=\"3c23d59\" data-element_type=\"widget\" data-widget_type=\"image.default\">\n\t\t\t\t<div class=\"elementor-widget-container\">\n\t\t\t\t\t\t\t\t\t\t\t\t\t\t\t<img decoding=\"async\" width=\"750\" height=\"518\" src=\"https:\/\/www.amhhb.com\/wp-content\/uploads\/2024\/02\/Photo-drone-1024x707.jpg\" class=\"attachment-large size-large wp-image-1688\" alt=\"\" srcset=\"https:\/\/www.amhhb.com\/wp-content\/uploads\/2024\/02\/Photo-drone-1024x707.jpg 1024w, https:\/\/www.amhhb.com\/wp-content\/uploads\/2024\/02\/Photo-drone-300x207.jpg 300w, https:\/\/www.amhhb.com\/wp-content\/uploads\/2024\/02\/Photo-drone-768x530.jpg 768w, https:\/\/www.amhhb.com\/wp-content\/uploads\/2024\/02\/Photo-drone-1536x1060.jpg 1536w, https:\/\/www.amhhb.com\/wp-content\/uploads\/2024\/02\/Photo-drone-1568x1082.jpg 1568w, https:\/\/www.amhhb.com\/wp-content\/uploads\/2024\/02\/Photo-drone.jpg 1774w\" sizes=\"(max-width: 750px) 100vw, 750px\" style=\"width:100%;height:69%;max-width:1774px\" \/>\t\t\t\t\t\t\t\t\t\t\t\t\t\t\t<\/div>\n\t\t\t\t<\/div>\n\t\t\t\t<\/div>\n\t\t\t\t\t<\/div>\n\t\t\t\t<\/div>\n\t\t\t\t<\/div>\n\t\t","protected":false},"excerpt":{"rendered":"<p>L&rsquo;histoire du club D\u00e9couvrez-en plus sur le pass\u00e9 du club. En d\u00e9couvrir plus Merci \u00e0 nos partenaires Retrouvez tous les soutiens du club. Vous souhaitez nous rejoindre ? Contactez nous par mail. Devenir partenaire Phototh\u00e8que Ici retrouvez les photos de matchs, les photos des \u00e9v\u00e8nements et tous les souvenirs du club. Voir les photos<\/p>\n","protected":false},"author":1,"featured_media":0,"parent":0,"menu_order":0,"comment_status":"closed","ping_status":"closed","template":"elementor_header_footer","meta":{"footnotes":""},"class_list":["post-276","page","type-page","status-publish","hentry","entry"],"_links":{"self":[{"href":"https:\/\/www.amhhb.com\/index.php?rest_route=\/wp\/v2\/pages\/276","targetHints":{"allow":["GET"]}}],"collection":[{"href":"https:\/\/www.amhhb.com\/index.php?rest_route=\/wp\/v2\/pages"}],"about":[{"href":"https:\/\/www.amhhb.com\/index.php?rest_route=\/wp\/v2\/types\/page"}],"author":[{"embeddable":true,"href":"https:\/\/www.amhhb.com\/index.php?rest_route=\/wp\/v2\/users\/1"}],"replies":[{"embeddable":true,"href":"https:\/\/www.amhhb.com\/index.php?rest_route=%2Fwp%2Fv2%2Fcomments&post=276"}],"version-history":[{"count":91,"href":"https:\/\/www.amhhb.com\/index.php?rest_route=\/wp\/v2\/pages\/276\/revisions"}],"predecessor-version":[{"id":3271,"href":"https:\/\/www.amhhb.com\/index.php?rest_route=\/wp\/v2\/pages\/276\/revisions\/3271"}],"wp:attachment":[{"href":"https:\/\/www.amhhb.com\/index.php?rest_route=%2Fwp%2Fv2%2Fmedia&parent=276"}],"curies":[{"name":"wp","href":"https:\/\/api.w.org\/{rel}","templated":true}]}}