{"id":1329,"date":"2024-02-12T09:34:44","date_gmt":"2024-02-12T08:34:44","guid":{"rendered":"http:\/\/www.valentindebels.fr\/wordpress\/?page_id=1329"},"modified":"2025-03-19T21:52:25","modified_gmt":"2025-03-19T20:52:25","slug":"equipes-2","status":"publish","type":"page","link":"http:\/\/www.amhhb.com\/?page_id=1329","title":{"rendered":"Entrainements"},"content":{"rendered":"\t\t<div data-elementor-type=\"wp-page\" data-elementor-id=\"1329\" class=\"elementor elementor-1329\" data-elementor-settings=\"{&quot;ha_cmc_init_switcher&quot;:&quot;no&quot;}\">\n\t\t\t\t<div class=\"elementor-element elementor-element-1a8926f e-flex e-con-boxed wpr-particle-no wpr-jarallax-no wpr-parallax-no wpr-sticky-section-no e-con e-parent\" data-id=\"1a8926f\" data-element_type=\"container\" data-settings=\"{&quot;_ha_eqh_enable&quot;:false}\">\n\t\t\t\t\t<div class=\"e-con-inner\">\n\t\t<div class=\"elementor-element elementor-element-52701f9 e-con-full e-flex wpr-particle-no wpr-jarallax-no wpr-parallax-no wpr-sticky-section-no e-con e-child\" data-id=\"52701f9\" data-element_type=\"container\" data-settings=\"{&quot;_ha_eqh_enable&quot;:false}\">\n\t\t\t\t<div class=\"elementor-element elementor-element-4c623e6 elementor-widget elementor-widget-heading\" data-id=\"4c623e6\" data-element_type=\"widget\" data-widget_type=\"heading.default\">\n\t\t\t\t<div class=\"elementor-widget-container\">\n\t\t\t\t\t<h2 class=\"elementor-heading-title elementor-size-default\">Nos \u00e9quipes <\/h2>\t\t\t\t<\/div>\n\t\t\t\t<\/div>\n\t\t\t\t<div class=\"elementor-element elementor-element-007dc13 elementor-widget elementor-widget-text-editor\" data-id=\"007dc13\" data-element_type=\"widget\" data-widget_type=\"text-editor.default\">\n\t\t\t\t<div class=\"elementor-widget-container\">\n\t\t\t\t\t\t\t\t\t<p>Cat\u00e9gories d&rsquo;\u00e2ges, horaires des entra\u00eenements, retrouve toutes les informations sur ta prochaine \u00e9quipe !<\/p>\t\t\t\t\t\t\t\t<\/div>\n\t\t\t\t<\/div>\n\t\t\t\t<div class=\"elementor-element elementor-element-a6caeb1 elementor-widget elementor-widget-button\" data-id=\"a6caeb1\" data-element_type=\"widget\" data-widget_type=\"button.default\">\n\t\t\t\t<div class=\"elementor-widget-container\">\n\t\t\t\t\t\t\t\t\t<div class=\"elementor-button-wrapper\">\n\t\t\t\t\t<a class=\"elementor-button elementor-button-link elementor-size-sm\" href=\"https:\/\/www.amhhb.com\/?page_id=172\">\n\t\t\t\t\t\t<span class=\"elementor-button-content-wrapper\">\n\t\t\t\t\t\t\t\t\t<span class=\"elementor-button-text\">Je trouve mon \u00e9quipe<\/span>\n\t\t\t\t\t<\/span>\n\t\t\t\t\t<\/a>\n\t\t\t\t<\/div>\n\t\t\t\t\t\t\t\t<\/div>\n\t\t\t\t<\/div>\n\t\t\t\t<\/div>\n\t\t<div class=\"elementor-element elementor-element-79e79d5 e-con-full e-flex wpr-particle-no wpr-jarallax-no wpr-parallax-no wpr-sticky-section-no e-con e-child\" data-id=\"79e79d5\" data-element_type=\"container\" data-settings=\"{&quot;_ha_eqh_enable&quot;:false}\">\n\t\t\t\t<div class=\"elementor-element elementor-element-de0ea56 elementor-widget elementor-widget-image\" data-id=\"de0ea56\" data-element_type=\"widget\" data-widget_type=\"image.default\">\n\t\t\t\t<div class=\"elementor-widget-container\">\n\t\t\t\t\t\t\t\t\t\t\t\t\t\t\t<img fetchpriority=\"high\" decoding=\"async\" width=\"750\" height=\"500\" src=\"https:\/\/www.amhhb.com\/wp-content\/uploads\/2024\/03\/2023-02-03-Match-SMB-VS-Londinieres-V.-Debels-112-1024x683.jpg\" class=\"attachment-large size-large wp-image-1917\" alt=\"Nos equipes\" srcset=\"https:\/\/www.amhhb.com\/wp-content\/uploads\/2024\/03\/2023-02-03-Match-SMB-VS-Londinieres-V.-Debels-112-1024x683.jpg 1024w, https:\/\/www.amhhb.com\/wp-content\/uploads\/2024\/03\/2023-02-03-Match-SMB-VS-Londinieres-V.-Debels-112-300x200.jpg 300w, https:\/\/www.amhhb.com\/wp-content\/uploads\/2024\/03\/2023-02-03-Match-SMB-VS-Londinieres-V.-Debels-112-768x512.jpg 768w, https:\/\/www.amhhb.com\/wp-content\/uploads\/2024\/03\/2023-02-03-Match-SMB-VS-Londinieres-V.-Debels-112-1536x1024.jpg 1536w, https:\/\/www.amhhb.com\/wp-content\/uploads\/2024\/03\/2023-02-03-Match-SMB-VS-Londinieres-V.-Debels-112-2048x1365.jpg 2048w, https:\/\/www.amhhb.com\/wp-content\/uploads\/2024\/03\/2023-02-03-Match-SMB-VS-Londinieres-V.-Debels-112-1568x1045.jpg 1568w\" sizes=\"(max-width: 750px) 100vw, 750px\" style=\"width:100%;height:66.68%;max-width:2560px\" \/>\t\t\t\t\t\t\t\t\t\t\t\t\t\t\t<\/div>\n\t\t\t\t<\/div>\n\t\t\t\t<\/div>\n\t\t\t\t\t<\/div>\n\t\t\t\t<\/div>\n\t\t<div class=\"elementor-element elementor-element-b9f49c3 e-flex e-con-boxed wpr-particle-no wpr-jarallax-no wpr-parallax-no wpr-sticky-section-no e-con e-parent\" data-id=\"b9f49c3\" data-element_type=\"container\" data-settings=\"{&quot;_ha_eqh_enable&quot;:false}\">\n\t\t\t\t\t<div class=\"e-con-inner\">\n\t\t<div class=\"elementor-element elementor-element-ede46f3 e-con-full e-flex wpr-particle-no wpr-jarallax-no wpr-parallax-no wpr-sticky-section-no e-con e-child\" data-id=\"ede46f3\" data-element_type=\"container\" data-settings=\"{&quot;_ha_eqh_enable&quot;:false}\">\n\t\t\t\t<div class=\"elementor-element elementor-element-5369458 elementor-widget elementor-widget-heading\" data-id=\"5369458\" data-element_type=\"widget\" data-widget_type=\"heading.default\">\n\t\t\t\t<div class=\"elementor-widget-container\">\n\t\t\t\t\t<h2 class=\"elementor-heading-title elementor-size-default\">Nos Autres activit\u00e9s<\/h2>\t\t\t\t<\/div>\n\t\t\t\t<\/div>\n\t\t\t\t<div class=\"elementor-element elementor-element-bea84b9 elementor-widget elementor-widget-text-editor\" data-id=\"bea84b9\" data-element_type=\"widget\" data-widget_type=\"text-editor.default\">\n\t\t\t\t<div class=\"elementor-widget-container\">\n\t\t\t\t\t\t\t\t\t<p>L&rsquo;AMHHB c&rsquo;est aussi&#8230;<\/p>\t\t\t\t\t\t\t\t<\/div>\n\t\t\t\t<\/div>\n\t\t\t\t<div class=\"elementor-element elementor-element-7d2ddee elementor-widget elementor-widget-button\" data-id=\"7d2ddee\" data-element_type=\"widget\" data-widget_type=\"button.default\">\n\t\t\t\t<div class=\"elementor-widget-container\">\n\t\t\t\t\t\t\t\t\t<div class=\"elementor-button-wrapper\">\n\t\t\t\t\t<a class=\"elementor-button elementor-button-link elementor-size-sm\" href=\"https:\/\/www.amhhb.com\/?page_id=1326\">\n\t\t\t\t\t\t<span class=\"elementor-button-content-wrapper\">\n\t\t\t\t\t\t\t\t\t<span class=\"elementor-button-text\">Voir les autres activit\u00e9s<\/span>\n\t\t\t\t\t<\/span>\n\t\t\t\t\t<\/a>\n\t\t\t\t<\/div>\n\t\t\t\t\t\t\t\t<\/div>\n\t\t\t\t<\/div>\n\t\t\t\t<\/div>\n\t\t<div class=\"elementor-element elementor-element-497ba5f e-con-full e-flex wpr-particle-no wpr-jarallax-no wpr-parallax-no wpr-sticky-section-no e-con e-child\" data-id=\"497ba5f\" data-element_type=\"container\" data-settings=\"{&quot;_ha_eqh_enable&quot;:false}\">\n\t\t\t\t<div class=\"elementor-element elementor-element-0a53559 elementor-widget elementor-widget-image\" data-id=\"0a53559\" data-element_type=\"widget\" data-widget_type=\"image.default\">\n\t\t\t\t<div class=\"elementor-widget-container\">\n\t\t\t\t\t\t\t\t\t\t\t\t\t\t\t<img decoding=\"async\" width=\"750\" height=\"563\" src=\"https:\/\/www.amhhb.com\/wp-content\/uploads\/2024\/02\/handtonic2.jpg\" class=\"attachment-large size-large wp-image-1691\" alt=\"\" srcset=\"https:\/\/www.amhhb.com\/wp-content\/uploads\/2024\/02\/handtonic2.jpg 960w, https:\/\/www.amhhb.com\/wp-content\/uploads\/2024\/02\/handtonic2-300x225.jpg 300w, https:\/\/www.amhhb.com\/wp-content\/uploads\/2024\/02\/handtonic2-768x576.jpg 768w\" sizes=\"(max-width: 750px) 100vw, 750px\" style=\"width:100%;height:75%;max-width:960px\" \/>\t\t\t\t\t\t\t\t\t\t\t\t\t\t\t<\/div>\n\t\t\t\t<\/div>\n\t\t\t\t<\/div>\n\t\t\t\t\t<\/div>\n\t\t\t\t<\/div>\n\t\t\t\t<\/div>\n\t\t","protected":false},"excerpt":{"rendered":"<p>Nos \u00e9quipes Cat\u00e9gories d&rsquo;\u00e2ges, horaires des entra\u00eenements, retrouve toutes les informations sur ta prochaine \u00e9quipe ! Je trouve mon \u00e9quipe Nos Autres activit\u00e9s L&rsquo;AMHHB c&rsquo;est aussi&#8230; Voir les autres activit\u00e9s<\/p>\n","protected":false},"author":1,"featured_media":0,"parent":0,"menu_order":0,"comment_status":"closed","ping_status":"closed","template":"elementor_header_footer","meta":{"footnotes":""},"class_list":["post-1329","page","type-page","status-publish","hentry","entry"],"_links":{"self":[{"href":"http:\/\/www.amhhb.com\/index.php?rest_route=\/wp\/v2\/pages\/1329","targetHints":{"allow":["GET"]}}],"collection":[{"href":"http:\/\/www.amhhb.com\/index.php?rest_route=\/wp\/v2\/pages"}],"about":[{"href":"http:\/\/www.amhhb.com\/index.php?rest_route=\/wp\/v2\/types\/page"}],"author":[{"embeddable":true,"href":"http:\/\/www.amhhb.com\/index.php?rest_route=\/wp\/v2\/users\/1"}],"replies":[{"embeddable":true,"href":"http:\/\/www.amhhb.com\/index.php?rest_route=%2Fwp%2Fv2%2Fcomments&post=1329"}],"version-history":[{"count":50,"href":"http:\/\/www.amhhb.com\/index.php?rest_route=\/wp\/v2\/pages\/1329\/revisions"}],"predecessor-version":[{"id":3198,"href":"http:\/\/www.amhhb.com\/index.php?rest_route=\/wp\/v2\/pages\/1329\/revisions\/3198"}],"wp:attachment":[{"href":"http:\/\/www.amhhb.com\/index.php?rest_route=%2Fwp%2Fv2%2Fmedia&parent=1329"}],"curies":[{"name":"wp","href":"https:\/\/api.w.org\/{rel}","templated":true}]}}